{"id":5498,"date":"2022-05-01T17:31:15","date_gmt":"2022-05-01T15:31:15","guid":{"rendered":"https:\/\/www.307production.com\/?page_id=5498"},"modified":"2024-07-10T18:55:28","modified_gmt":"2024-07-10T16:55:28","slug":"news","status":"publish","type":"page","link":"https:\/\/www.307production.com\/en\/news\/","title":{"rendered":"News"},"content":{"rendered":"\r\n<div id=\"sf-slideshow-pro-block-block_10e73fd1a71bd69b32149e898aeab6bd\" class=\"sf-slideshow-pro-block\">\r\n\t\t<div class=\"sf_slideshow white\" data-slideshow=\"true\" data-speed=\"3000\" data-fadespeed=\"1000\" data-autostart=\"false\" data-loop=\"false\">\t\r\n\t\t\t<div class=\"slideshow slideshow_mobile_expand\" style=\"padding-bottom: 56.25%;\"><\/div> <!-- passende H\u00f6he vorgeben -->\r\n\t\t\t\r\n\t\t\t\r\n\t\t\t\t<div data-slide aria-label=\"\" style=\"transition-duration: 1000ms;\">\t<!-- background-image: url(https:\/\/www.307production.com\/wp-content\/uploads\/2022\/10\/photo-1536440136628-849c177e76a1.jpeg);  -->\r\n\t\t\t\t\t\t<div class=\"bg_slideshow slideshow_desktop lazyload\" style=\"background-image:inherit; padding-bottom: 56.25%;\" data-bg-image=\"url(https:\/\/www.307production.com\/wp-content\/uploads\/2022\/10\/photo-1536440136628-849c177e76a1.jpeg)\"><\/div>\r\n\t\t\t\t\t\t<div class=\"bg_slideshow slideshow_mobile slideshow_mobile_expand lazyload\" style=\"background-image:inherit; padding-bottom: 56.25%;\" data-bg-image=\"url(https:\/\/www.307production.com\/wp-content\/uploads\/2022\/10\/photo-1536440136628-849c177e76a1.jpeg)\"><\/div>\r\n\t\t\t\t\t\t<div class='slideshow_overlay_fullsize'><div class='slideshow_overlay_container'><div class='slideshow_overlay'><div><h1>credible.<br \/>\nrelevant.<br \/>\ntouching.<br \/>\nreal.<\/h1>\n <\/div><\/div><\/div><\/div><a href='https:\/\/unsplash.com\/@myke_simon' target='_blank'><div class='sf_copyright'>\u00a9<span class='sf_copyright_name'>&nbsp;Myke Simon<\/span><\/div><\/a>\t\t\t\t<\/div>\r\n\t\t\t\t\t\t<div class=\"sf_dots_container hidden\">\r\n\t\t\t\t<span class=\"sf_slide_control_prev sf_icon\">&#x2190;<\/span>\r\n\t\t\t\t<span class=\"sf_dots hidden\"><\/span>\r\n\t\t\t\t<span class=\"sf_slide_control_next sf_icon\">&#x2192;<\/span>\r\n\t\t\t<\/div>\r\n\t\t<\/div>\r\n<\/div>\r\n\n\n\r\n<div class=\"news_template\">\r\n\r\n<div class=\"container news_template_header\">\r\n\t\t\t\t<div class=\"ajax_header margin_bottom_s\">\r\n\t\t\t\t<div><h1>News<\/h1>\n\t\t\t\t\t\t\t\t<\/div>\r\n\t\t\t<\/div>\r\n\t\t\t<\/div>\r\n\r\n<div class=\"ajax_container container ajax-block  margin_bottom_l news_template_content\">\r\n\t\r\n\t<div id=\"sf-ajax-block_f4344742f2750bd4a437d79700dc8b17\" class=\"grid col_2 ajax-posts\">\r\n\r\n\t\t<!-- sf news overview template -->\r\n\r\n\r\n<a href=\"https:\/\/www.307production.com\/en\/news\/fortsetzung-der-beliebten-ard-degeto-film-krimireihe-lost-in-fuseta-ein-krimi-aus-portugal-weisse-fracht-als-zweiteiler\/\" class=\"news_overview_text_container\">\r\n\t\r\n\t<h3>Fortsetzung der beliebten ARD Degeto Film-Krimireihe LOST IN FUSETA \u2013 EIN KRIMI AUS PORTUGAL: WEISSE FRACHT als Zweiteiler \u00a0\r\n<\/h3>\r\n\t<p class=\"news_overview_date\">20. April 2026<\/p>\r\n\t\r\n\t\r\n\t\r\n<\/a>\r\n\r\n<!-- sf news overview template -->\r\n\r\n\r\n<a href=\"https:\/\/www.307production.com\/en\/news\/beate-balser-becomes-the-commercial-managing-director-of-307-production\/\" class=\"news_overview_text_container\">\r\n\t\r\n\t<h3>Beate Balser becomes the Commercial Managing Director of 307 Production.<\/h3>\r\n\t<p class=\"news_overview_date\">8. October 2025<\/p>\r\n\t\r\n\t\r\n\t\r\n<\/a>\r\n\r\n<!-- sf news overview template -->\r\n\r\n\r\n<a href=\"https:\/\/www.307production.com\/en\/news\/kalenberg-hubacher-ferch-three-for-od\/\" class=\"news_overview_text_container\">\r\n\t\r\n\t<h3>Kalenberg. Hubacher. Ferch. Three for \u00d6d: The successful duo gets reinforcements \u2013 now a trio solves new cases on \u00d6d.<\/h3>\r\n\t<p class=\"news_overview_date\">22. September 2025<\/p>\r\n\t\r\n\t\r\n\t\r\n<\/a>\r\n\r\n<!-- sf news overview template -->\r\n\r\n\r\n<a href=\"https:\/\/www.307production.com\/en\/news\/two-women-for-every-tail-12-nominated-twice-for-the-jupiter-award-2025\/\" class=\"news_overview_text_container\">\r\n\t\r\n\t<h3>\u201cTwo Women for every Tail 1+2\u201d nominated twice for the Jupiter Award 2025<\/h3>\r\n\t<p class=\"news_overview_date\">25. August 2025<\/p>\r\n\t\r\n\t\r\n\t\r\n<\/a>\r\n\r\n<!-- sf news overview template -->\r\n\r\n\r\n<a href=\"https:\/\/www.307production.com\/en\/news\/new-ard-series-two-women-for-every-tail-12-launches-in-endlich-freitag-im-ersten\/\" class=\"news_overview_text_container\">\r\n\t\r\n\t<h3>New ARD Series &#8220;Two Women for Every Tail 1+2&#8221; launches in \u201cEndlich Freitag im Ersten\u201d<\/h3>\r\n\t<p class=\"news_overview_date\">25. August 2025<\/p>\r\n\t\r\n\t\r\n\t\r\n<\/a>\r\n\r\n<!-- sf news overview template -->\r\n\r\n\r\n<a href=\"https:\/\/www.307production.com\/en\/news\/its-about-the-children-wt-fictional-two-part-drama-in-development-about-the-dramatic-consequences-of-parental-alienation\/\" class=\"news_overview_text_container\">\r\n\t\r\n\t<h3>&#8220;It\u2019s About the Children&#8221; (WT): Fictional two-part drama in development about the dramatic consequences of parental alienation.<\/h3>\r\n\t<p class=\"news_overview_date\">15. August 2025<\/p>\r\n\t\r\n\t\r\n\t\r\n<\/a>\r\n\r\n<!-- sf news overview template -->\r\n\r\n\r\n<a href=\"https:\/\/www.307production.com\/en\/news\/no-more-beginners-double-festival-presence-for-beruhmt-sein-fur-anfanger-in-munich-and-ludwigshafen\/\" class=\"news_overview_text_container\">\r\n\t\r\n\t<h3>No More Beginners: Double Festival Presence for &#8220;Ber\u00fchmt sein f\u00fcr Anf\u00e4nger&#8221; in Munich and Ludwigshafen<\/h3>\r\n\t<p class=\"news_overview_date\">22. July 2025<\/p>\r\n\t\r\n\t\r\n\t\r\n<\/a>\r\n\r\n<!-- sf news overview template -->\r\n\r\n\r\n<a href=\"https:\/\/www.307production.com\/en\/news\/lost-in-fuseta-start-of-filming-of-the-popular-ard-degeto-crime-series-with-white-cargo-wt\/\" class=\"news_overview_text_container\">\r\n\t\r\n\t<h3>LOST IN FUSETA: Start of filming of the popular ARD Degeto Crime Series with \u201eWhite Cargo\u201c (WT)<\/h3>\r\n\t<p class=\"news_overview_date\">10. April 2025<\/p>\r\n\t\r\n\t\r\n\t\r\n<\/a>\r\n\r\n<!-- sf news overview template -->\r\n\r\n\r\n<a href=\"https:\/\/www.307production.com\/en\/news\/murders-on-od-an-island-crime-thriller\/\" class=\"news_overview_text_container\">\r\n\t\r\n\t<h3>MURDERS ON \u00d6D \u2013 AN ISLAND CRIME THRILLER: Small Island, Big Crime \u2013 New on &#8220;Deadly Service Tuesday&#8221; on RTL<\/h3>\r\n\t<p class=\"news_overview_date\">1. April 2025<\/p>\r\n\t\r\n\t\r\n\t\r\n<\/a>\r\n\r\n<!-- sf news overview template -->\r\n\r\n\r\n<a href=\"https:\/\/www.307production.com\/en\/news\/german-television-award-nomination-for-jan-krauter\/\" class=\"news_overview_text_container\">\r\n\t\r\n\t<h3>German Television Award: Nomination for Jan Krauter<\/h3>\r\n\t<p class=\"news_overview_date\">5. September 2024<\/p>\r\n\t\r\n\t\r\n\t\r\n<\/a>\r\n\r\n<!-- sf news overview template -->\r\n\r\n\r\n<a href=\"https:\/\/www.307production.com\/en\/news\/streaming-hits-in-april-lost-in-fuseta-and-gerhard-schroder\/\" class=\"news_overview_text_container\">\r\n\t\r\n\t<h3>Streaming-Hit in April: &#8220;Lost in Fuseta&#8221; <\/h3>\r\n\t<p class=\"news_overview_date\">22. July 2024<\/p>\r\n\t\r\n\t\r\n\t\r\n<\/a>\r\n\r\n<!-- sf news overview template -->\r\n\r\n\r\n<a href=\"https:\/\/www.307production.com\/en\/news\/new-serial-for-rtl-murder-on-od-an-island-thriller\/\" class=\"news_overview_text_container\">\r\n\t\r\n\t<h3>New serial for RTL: Murder on \u00d6d &#8211; an Island-Thriller<\/h3>\r\n\t<p class=\"news_overview_date\">19. July 2024<\/p>\r\n\t\r\n\t\r\n\t\r\n<\/a>\r\n\r\n<!-- sf news overview template -->\r\n\r\n\r\n<a href=\"https:\/\/www.307production.com\/en\/news\/filming-of-zwei-frauen-fur-alle-felle-for-ard-degeto-film-and-mdr\/\" class=\"news_overview_text_container\">\r\n\t\r\n\t<h3>Filming of \u201eZwei Frauen f\u00fcr alle Felle\u201c for ARD Degeto Film and MDR<\/h3>\r\n\t<p class=\"news_overview_date\">19. July 2024<\/p>\r\n\t\r\n\t\r\n\t\r\n<\/a>\r\n\r\n<!-- sf news overview template -->\r\n\r\n\r\n<a href=\"https:\/\/www.307production.com\/en\/news\/degeto-sawatzki-and-berkel-for-the-third-time\/\" class=\"news_overview_text_container\">\r\n\t\r\n\t<h3>&#8220;Finally Friday on ARD&#8221;: In &#8220;ENTF\u00dcHREN F\u00dcR ANF\u00c4NGER&#8221; (Kidnapping for Beginners), Andrea Sawatzki and Christian Berkel once again joined forces in front of the camera for ARD Degeto.<\/h3>\r\n\t<p class=\"news_overview_date\">11. December 2023<\/p>\r\n\t\r\n\t\r\n\t\r\n<\/a>\r\n\r\n<!-- sf news overview template -->\r\n\r\n\r\n<a href=\"https:\/\/www.307production.com\/en\/news\/lost-in-fuseta-will-be-continued\/\" class=\"news_overview_text_container\">\r\n\t\r\n\t<h3>LOST IN FUSETA continues: Filming starts for ARD Degeto crime series with a trail of shadows.<\/h3>\r\n\t<p class=\"news_overview_date\">11. May 2023<\/p>\r\n\t\r\n\t\r\n\t\r\n<\/a>\r\n\r\n<!-- sf news overview template -->\r\n\r\n\r\n<a href=\"https:\/\/www.307production.com\/en\/news\/lost-in-fuseta-tracing-shadows\/\" class=\"news_overview_text_container\">\r\n\t\r\n\t<h3>Lost in Fuseta \u2013 Tracing Shadows<\/h3>\r\n\t<p class=\"news_overview_date\">20. January 2023<\/p>\r\n\t\r\n\t\r\n\t\r\n<\/a>\r\n\r\n<!-- sf news overview template -->\r\n\r\n\r\n<a href=\"https:\/\/www.307production.com\/en\/news\/high-end-serie-kolmannskuppe\/\" class=\"news_overview_text_container\">\r\n\t\r\n\t<h3>307 production is developing a new high-end series with the working title KOLMANNSKUPPE.<\/h3>\r\n\t<p class=\"news_overview_date\">17. August 2022<\/p>\r\n\t\r\n\t\r\n\t\r\n<\/a>\r\n\r\n<!-- sf news overview template -->\r\n\r\n\r\n<a href=\"https:\/\/www.307production.com\/en\/news\/shpg-invests-in-high-end-formats-with-start-up\/\" class=\"news_overview_text_container\">\r\n\t\r\n\t<h3>SHPG invests in High-End Formats with Start-Up<\/h3>\r\n\t<p class=\"news_overview_date\">2. June 2022<\/p>\r\n\t\r\n\t\r\n\t\r\n<\/a>\r\n\r\n\r\n\t<\/div>\r\n\r\n\t<\/div>\r\n\r\n<\/div>\n\n\r\n<div id=\"sf-flexblock-block_98ca014b08fe1d7dfad6f2cb15b3951a\"  class=\"flex_block container margin_bottom_l \" >\r\n\t<div class='margin_bottom'><h3>Presscontact<p>Studio Hamburg Produktion Gruppe GmbH<br>\nAlexa Rothmund<\/p><p>&nbsp;<\/p><p>fon <a>+49 40 66884801<\/a><\/p><p><a href=\"mailto:e-mail\" id=\"e69fa05b30f0e6\" data-pointer=\"\" onmouseover=\"sf_e_decrypt_view('qlsbfutptsfd-tkisqqhvAotcudvseljrpq-imbunachvtsdhy.erfg','e69fa05b30f0e6')\" onclick=\"sf_e_decrypt('qlsbfutptsfd-tkisqqhvAotcudvseljrpq-imbunachvtsdhy.erfg')\">e-mail<\/a><\/p><p>&nbsp;<\/p><p><a href=\"https:\/\/www.307production.com\/newsletter\/\"><span class=\"sf_button\">Our Newsletter<\/span><\/a><\/p><\/h3>\n<\/div>\r\n\t<div class=\"grid  \">\r\n\t\t\t<\/div>\r\n<\/div>\r\n","protected":false},"excerpt":{"rendered":"","protected":false},"author":1,"featured_media":0,"parent":0,"menu_order":0,"comment_status":"closed","ping_status":"closed","template":"","meta":{"_acf_changed":false,"footnotes":""},"class_list":["post-5498","page","type-page","status-publish","hentry"],"acf":[],"_links":{"self":[{"href":"https:\/\/www.307production.com\/en\/wp-json\/wp\/v2\/pages\/5498","targetHints":{"allow":["GET"]}}],"collection":[{"href":"https:\/\/www.307production.com\/en\/wp-json\/wp\/v2\/pages"}],"about":[{"href":"https:\/\/www.307production.com\/en\/wp-json\/wp\/v2\/types\/page"}],"author":[{"embeddable":true,"href":"https:\/\/www.307production.com\/en\/wp-json\/wp\/v2\/users\/1"}],"replies":[{"embeddable":true,"href":"https:\/\/www.307production.com\/en\/wp-json\/wp\/v2\/comments?post=5498"}],"version-history":[{"count":3,"href":"https:\/\/www.307production.com\/en\/wp-json\/wp\/v2\/pages\/5498\/revisions"}],"predecessor-version":[{"id":5596,"href":"https:\/\/www.307production.com\/en\/wp-json\/wp\/v2\/pages\/5498\/revisions\/5596"}],"wp:attachment":[{"href":"https:\/\/www.307production.com\/en\/wp-json\/wp\/v2\/media?parent=5498"}],"curies":[{"name":"wp","href":"https:\/\/api.w.org\/{rel}","templated":true}]}}